{"id":529,"date":"2023-11-18T17:03:20","date_gmt":"2023-11-18T17:03:20","guid":{"rendered":"https:\/\/montseaced.com\/declaracio-daccessibilitat"},"modified":"2023-12-12T17:29:42","modified_gmt":"2023-12-12T17:29:42","slug":"declaracio-daccessibilitat","status":"publish","type":"page","link":"https:\/\/montseaced.com\/ca\/declaracio-daccessibilitat","title":{"rendered":"Declaraci\u00f3 d&#8217;accessibilitat"},"content":{"rendered":"\t\t<div data-elementor-type=\"wp-page\" data-elementor-id=\"529\" class=\"elementor elementor-529 elementor-298\" data-elementor-post-type=\"page\">\n\t\t\t\t<div class=\"elementor-element elementor-element-754fbc7 e-flex e-con-boxed e-con e-parent\" data-id=\"754fbc7\" data-element_type=\"container\" data-settings=\"{&quot;background_background&quot;:&quot;classic&quot;}\">\n\t\t\t\t\t<div class=\"e-con-inner\">\n\t\t\t\t<div class=\"elementor-element elementor-element-79bb462 elementor-widget elementor-widget-text-editor\" data-id=\"79bb462\" data-element_type=\"widget\" data-widget_type=\"text-editor.default\">\n\t\t\t\t<div class=\"elementor-widget-container\">\n\t\t\t\t\t\t\t<p>Declaraci\u00f3 d&#8217;accessibilitat<\/p>\n\t\t\t\t\t\t<\/div>\n\t\t\t\t<\/div>\n\t\t\t\t\t<\/div>\n\t\t\t\t<\/div>\n\t\t<div class=\"elementor-element elementor-element-26c45c8 e-flex e-con-boxed e-con e-parent\" data-id=\"26c45c8\" data-element_type=\"container\" data-settings=\"{&quot;background_background&quot;:&quot;classic&quot;}\">\n\t\t\t\t\t<div class=\"e-con-inner\">\n\t\t\t\t<div class=\"elementor-element elementor-element-6ecd0d3 elementor-widget elementor-widget-text-editor\" data-id=\"6ecd0d3\" data-element_type=\"widget\" data-widget_type=\"text-editor.default\">\n\t\t\t\t<div class=\"elementor-widget-container\">\n\t\t\t\t\t\t\t<p>Montse Aced s&#8217;ha comprom\u00e8s a fer accessible el vostre lloc web, de conformitat amb normativa WCAG 2.1 en mat\u00e8ria d&#8217;accessibilitat i que s&#8217;utilitza com a evid\u00e8ncia de la justificaci\u00f3 del criteri d&#8217;accessibilitat del Programa Kit Digital. Est\u00e0 estructurat d&#8217;acord amb els annexos de la norma UNE-EN 301 549:2022. <br \/>Aquesta declaraci\u00f3 d&#8217;accessibilitat s&#8217;aplica al web <a href=\"https:\/\/montseaced.com\/ca\">https:\/\/montseaced.com\/<\/a><\/p>\n\t\t\t\t\t\t<\/div>\n\t\t\t\t<\/div>\n\t\t\t\t\t<\/div>\n\t\t\t\t<\/div>\n\t\t\t\t<\/div>\n\t\t","protected":false},"excerpt":{"rendered":"<p>Declaraci\u00f3 d&#8217;accessibilitat Montse Aced s&#8217;ha comprom\u00e8s a fer accessible el vostre lloc web, de conformitat amb normativa WCAG 2.1 en mat\u00e8ria d&#8217;accessibilitat i que s&#8217;utilitza com a evid\u00e8ncia de la justificaci\u00f3 del criteri d&#8217;accessibilitat del Programa Kit Digital. Est\u00e0 estructurat d&#8217;acord amb els annexos de la norma UNE-EN 301 549:2022. Aquesta declaraci\u00f3 d&#8217;accessibilitat s&#8217;aplica al [&hellip;]<\/p>\n","protected":false},"author":1,"featured_media":0,"parent":0,"menu_order":0,"comment_status":"closed","ping_status":"closed","template":"elementor_header_footer","meta":{"footnotes":""},"class_list":["post-529","page","type-page","status-publish","hentry"],"yoast_head":"<!-- This site is optimized with the Yoast SEO plugin v23.5 - https:\/\/yoast.com\/wordpress\/plugins\/seo\/ -->\n<title>Declaraci\u00f3 d&#039;accessibilitat - Montse Aced traducci\u00f3n<\/title>\n<meta name=\"robots\" content=\"index, follow, max-snippet:-1, max-image-preview:large, max-video-preview:-1\" \/>\n<link rel=\"canonical\" href=\"https:\/\/montseaced.com\/ca\/declaracio-daccessibilitat\" \/>\n<meta property=\"og:locale\" content=\"ca_ES\" \/>\n<meta property=\"og:type\" content=\"article\" \/>\n<meta property=\"og:title\" content=\"Declaraci\u00f3 d&#039;accessibilitat - Montse Aced traducci\u00f3n\" \/>\n<meta property=\"og:description\" content=\"Declaraci\u00f3 d&#8217;accessibilitat Montse Aced s&#8217;ha comprom\u00e8s a fer accessible el vostre lloc web, de conformitat amb normativa WCAG 2.1 en mat\u00e8ria d&#8217;accessibilitat i que s&#8217;utilitza com a evid\u00e8ncia de la justificaci\u00f3 del criteri d&#8217;accessibilitat del Programa Kit Digital. Est\u00e0 estructurat d&#8217;acord amb els annexos de la norma UNE-EN 301 549:2022. Aquesta declaraci\u00f3 d&#8217;accessibilitat s&#8217;aplica al [&hellip;]\" \/>\n<meta property=\"og:url\" content=\"https:\/\/montseaced.com\/ca\/declaracio-daccessibilitat\" \/>\n<meta property=\"og:site_name\" content=\"Montse Aced traducci\u00f3n\" \/>\n<meta property=\"article:modified_time\" content=\"2023-12-12T17:29:42+00:00\" \/>\n<meta name=\"twitter:card\" content=\"summary_large_image\" \/>\n<script type=\"application\/ld+json\" class=\"yoast-schema-graph\">{\"@context\":\"https:\/\/schema.org\",\"@graph\":[{\"@type\":\"WebPage\",\"@id\":\"https:\/\/montseaced.com\/ca\/declaracio-daccessibilitat\",\"url\":\"https:\/\/montseaced.com\/ca\/declaracio-daccessibilitat\",\"name\":\"Declaraci\u00f3 d'accessibilitat - Montse Aced traducci\u00f3n\",\"isPartOf\":{\"@id\":\"https:\/\/montseaced.com\/#website\"},\"datePublished\":\"2023-11-18T17:03:20+00:00\",\"dateModified\":\"2023-12-12T17:29:42+00:00\",\"breadcrumb\":{\"@id\":\"https:\/\/montseaced.com\/ca\/declaracio-daccessibilitat#breadcrumb\"},\"inLanguage\":\"ca\",\"potentialAction\":[{\"@type\":\"ReadAction\",\"target\":[\"https:\/\/montseaced.com\/ca\/declaracio-daccessibilitat\"]}]},{\"@type\":\"BreadcrumbList\",\"@id\":\"https:\/\/montseaced.com\/ca\/declaracio-daccessibilitat#breadcrumb\",\"itemListElement\":[{\"@type\":\"ListItem\",\"position\":1,\"name\":\"Portada\",\"item\":\"https:\/\/montseaced.com\/ca\"},{\"@type\":\"ListItem\",\"position\":2,\"name\":\"Declaraci\u00f3 d&#8217;accessibilitat\"}]},{\"@type\":\"WebSite\",\"@id\":\"https:\/\/montseaced.com\/#website\",\"url\":\"https:\/\/montseaced.com\/\",\"name\":\"Montse Aced traducci\u00f3n\",\"description\":\"Traductora EN\/DE\/ES\/CA &gt; ES\/CA y correctora ES\/CA\",\"publisher\":{\"@id\":\"https:\/\/montseaced.com\/#organization\"},\"potentialAction\":[{\"@type\":\"SearchAction\",\"target\":{\"@type\":\"EntryPoint\",\"urlTemplate\":\"https:\/\/montseaced.com\/?s={search_term_string}\"},\"query-input\":{\"@type\":\"PropertyValueSpecification\",\"valueRequired\":true,\"valueName\":\"search_term_string\"}}],\"inLanguage\":\"ca\"},{\"@type\":\"Organization\",\"@id\":\"https:\/\/montseaced.com\/#organization\",\"name\":\"Montse Aced traducci\u00f3n\",\"url\":\"https:\/\/montseaced.com\/\",\"logo\":{\"@type\":\"ImageObject\",\"inLanguage\":\"ca\",\"@id\":\"https:\/\/montseaced.com\/#\/schema\/logo\/image\/\",\"url\":\"https:\/\/montseaced.com\/wp-content\/uploads\/2023\/11\/identidad-del-sitio-scaled.jpg\",\"contentUrl\":\"https:\/\/montseaced.com\/wp-content\/uploads\/2023\/11\/identidad-del-sitio-scaled.jpg\",\"width\":2560,\"height\":731,\"caption\":\"Montse Aced traducci\u00f3n\"},\"image\":{\"@id\":\"https:\/\/montseaced.com\/#\/schema\/logo\/image\/\"}}]}<\/script>\n<!-- \/ Yoast SEO plugin. -->","yoast_head_json":{"title":"Declaraci\u00f3 d'accessibilitat - Montse Aced traducci\u00f3n","robots":{"index":"index","follow":"follow","max-snippet":"max-snippet:-1","max-image-preview":"max-image-preview:large","max-video-preview":"max-video-preview:-1"},"canonical":"https:\/\/montseaced.com\/ca\/declaracio-daccessibilitat","og_locale":"ca_ES","og_type":"article","og_title":"Declaraci\u00f3 d'accessibilitat - Montse Aced traducci\u00f3n","og_description":"Declaraci\u00f3 d&#8217;accessibilitat Montse Aced s&#8217;ha comprom\u00e8s a fer accessible el vostre lloc web, de conformitat amb normativa WCAG 2.1 en mat\u00e8ria d&#8217;accessibilitat i que s&#8217;utilitza com a evid\u00e8ncia de la justificaci\u00f3 del criteri d&#8217;accessibilitat del Programa Kit Digital. Est\u00e0 estructurat d&#8217;acord amb els annexos de la norma UNE-EN 301 549:2022. Aquesta declaraci\u00f3 d&#8217;accessibilitat s&#8217;aplica al [&hellip;]","og_url":"https:\/\/montseaced.com\/ca\/declaracio-daccessibilitat","og_site_name":"Montse Aced traducci\u00f3n","article_modified_time":"2023-12-12T17:29:42+00:00","twitter_card":"summary_large_image","schema":{"@context":"https:\/\/schema.org","@graph":[{"@type":"WebPage","@id":"https:\/\/montseaced.com\/ca\/declaracio-daccessibilitat","url":"https:\/\/montseaced.com\/ca\/declaracio-daccessibilitat","name":"Declaraci\u00f3 d'accessibilitat - Montse Aced traducci\u00f3n","isPartOf":{"@id":"https:\/\/montseaced.com\/#website"},"datePublished":"2023-11-18T17:03:20+00:00","dateModified":"2023-12-12T17:29:42+00:00","breadcrumb":{"@id":"https:\/\/montseaced.com\/ca\/declaracio-daccessibilitat#breadcrumb"},"inLanguage":"ca","potentialAction":[{"@type":"ReadAction","target":["https:\/\/montseaced.com\/ca\/declaracio-daccessibilitat"]}]},{"@type":"BreadcrumbList","@id":"https:\/\/montseaced.com\/ca\/declaracio-daccessibilitat#breadcrumb","itemListElement":[{"@type":"ListItem","position":1,"name":"Portada","item":"https:\/\/montseaced.com\/ca"},{"@type":"ListItem","position":2,"name":"Declaraci\u00f3 d&#8217;accessibilitat"}]},{"@type":"WebSite","@id":"https:\/\/montseaced.com\/#website","url":"https:\/\/montseaced.com\/","name":"Montse Aced traducci\u00f3n","description":"Traductora EN\/DE\/ES\/CA &gt; ES\/CA y correctora ES\/CA","publisher":{"@id":"https:\/\/montseaced.com\/#organization"},"potentialAction":[{"@type":"SearchAction","target":{"@type":"EntryPoint","urlTemplate":"https:\/\/montseaced.com\/?s={search_term_string}"},"query-input":{"@type":"PropertyValueSpecification","valueRequired":true,"valueName":"search_term_string"}}],"inLanguage":"ca"},{"@type":"Organization","@id":"https:\/\/montseaced.com\/#organization","name":"Montse Aced traducci\u00f3n","url":"https:\/\/montseaced.com\/","logo":{"@type":"ImageObject","inLanguage":"ca","@id":"https:\/\/montseaced.com\/#\/schema\/logo\/image\/","url":"https:\/\/montseaced.com\/wp-content\/uploads\/2023\/11\/identidad-del-sitio-scaled.jpg","contentUrl":"https:\/\/montseaced.com\/wp-content\/uploads\/2023\/11\/identidad-del-sitio-scaled.jpg","width":2560,"height":731,"caption":"Montse Aced traducci\u00f3n"},"image":{"@id":"https:\/\/montseaced.com\/#\/schema\/logo\/image\/"}}]}},"_links":{"self":[{"href":"https:\/\/montseaced.com\/ca\/wp-json\/wp\/v2\/pages\/529","targetHints":{"allow":["GET"]}}],"collection":[{"href":"https:\/\/montseaced.com\/ca\/wp-json\/wp\/v2\/pages"}],"about":[{"href":"https:\/\/montseaced.com\/ca\/wp-json\/wp\/v2\/types\/page"}],"author":[{"embeddable":true,"href":"https:\/\/montseaced.com\/ca\/wp-json\/wp\/v2\/users\/1"}],"replies":[{"embeddable":true,"href":"https:\/\/montseaced.com\/ca\/wp-json\/wp\/v2\/comments?post=529"}],"version-history":[{"count":1,"href":"https:\/\/montseaced.com\/ca\/wp-json\/wp\/v2\/pages\/529\/revisions"}],"predecessor-version":[{"id":530,"href":"https:\/\/montseaced.com\/ca\/wp-json\/wp\/v2\/pages\/529\/revisions\/530"}],"wp:attachment":[{"href":"https:\/\/montseaced.com\/ca\/wp-json\/wp\/v2\/media?parent=529"}],"curies":[{"name":"wp","href":"https:\/\/api.w.org\/{rel}","templated":true}]}}